{"id":3,"date":"2020-10-13T19:44:13","date_gmt":"2020-10-13T17:44:13","guid":{"rendered":"https:\/\/tesolitaly.org\/convention2020\/?page_id=3"},"modified":"2020-11-12T09:34:11","modified_gmt":"2020-11-12T08:34:11","slug":"privacy-policy","status":"publish","type":"page","link":"https:\/\/tesolitaly.org\/convention2020\/privacy-policy\/","title":{"rendered":"Privacy Policy"},"content":{"rendered":"<header class=\"entry-header\"><\/header>\r\n<div class=\"entry-content\">\r\n<p><strong>Informativa per il trattamento dei dati personali ai sensi del regolamento UE n. 679\/2016.<\/strong><\/p>\r\n<p>Ai sensi e per gli effetti del D.lgs. 196\/2003, recante il Codice in materia di protezione dei dati personali e del D.lgs. n. 101\/2018, in relazione ai dati personali, di cui l\u2019Associazione TESOL Italy entrer\u00e0 in possesso, TESOL Italy informa di quanto segue:<\/p>\r\n<ol>\r\n<li>\r\n<ol>\r\n<li><strong>Titolare del trattamento<\/strong><br \/>Il Titolare del trattamento e\u0300: TESOL Italy, C.F. 96220500589, nella persona del suo rappresentante legale pro tempore, con sede legale in via Boncompagni, 2 \u2013 00187 Roma. L\u2019elenco aggiornato dei responsabili interni del trattamento e\u0300 custodito presso la sede del Titolare<\/li>\r\n<li><strong>Tipologia dei dati trattati<\/strong><br \/>TESOL Italy tratta i dati personali, identificativi e non sensibili (in particolare, nome, cognome, data e luogo di nascita, ragione sociale, indirizzo di residenza e sede legale, contatti telefonici, fax, e-mail, codice fiscale, partita iva, numero documento d\u2019identita\u0300\/patente, riferimenti bancari di pagamento etc. \u2013 in seguito, \u201cDati Personali\u201d o anche \u201cDati\u201d) comunicati al momento dell\u2019iscrizione e\/o dell\u2019inizio della collaborazione con l\u2019Associazione.<\/li>\r\n<li><strong>Finalit\u00e0 del trattamento dei dati<\/strong><br \/>Il trattamento \u00e8 finalizzato unicamente al perseguimento e al compimento delle finalit\u00e0 e delle attivit\u00e0 statutarie dell\u2019Associazione, ovvero contribuire al miglioramento dell\u2019insegnamento dell\u2019inglese in Italia favorendo lo scambio di idee e di esperienze tra gli insegnanti di inglese come lingua straniera in qualsiasi ambito essi operino al fine di migliorare sia la qualit\u00e0 dell\u2019insegnamento e dell\u2019apprendimento sia i presupposti metodologici e teorici della pratica didattica e offrendo opportunit\u00e0 di aggiornamento e di ricerca, nonch\u00e9 per finalit\u00e0 amministrative conseguenti al versamento delle quote associative o delle quote d\u2019iscrizione alle attivit\u00e0 di formazione promosse dall\u2019Associazione, per l\u2019invio delle pubblicazioni periodiche e per la promozione e la diffusione di iniziative dell\u2019Associazione.<\/li>\r\n<li><strong>Base giuridica del trattamento dei dati<\/strong><br \/>Base giuridica del trattamento \u00e8 il consenso espresso dal soggetto interessato al trattamento dei propri dati personali per una o pi\u00f9 specifiche finalit\u00e0 (art. 6 comma 1, lett. a) del GDPR).<br \/>I dati personali saranno trattati, come lo sono sempre stati, nelle seguenti ipotesi:\r\n<p>&nbsp;<\/p>\r\n<ol>\r\n<li>qualora l\u2019interessato abbia espresso il proprio consenso al trattamento dei propri dati personali per una o pi\u00f9 specifiche finalit\u00e0;<\/li>\r\n<li>qualora il trattamento sia necessario all\u2019esecuzione di un contratto di cui l\u2019interessato \u00e8 parte o all\u2019esecuzione di misure precontrattuali adottate su richiesta dello stesso;<\/li>\r\n<li>qualora il trattamento sia necessario per adempiere un obbligo legale al quale \u00e8 soggetta TESOL Italy;<\/li>\r\n<li>qualora il trattamento sia necessario per la salvaguardia degli interessi di una persona fisica;<\/li>\r\n<li>qualora il trattamento sia necessario per l\u2019esecuzione di un compito di interesse pubblico o connesso all\u2019esercizio di pubblici poteri di cui sia investita TESOL Italy; f. qualora il trattamento sia necessario per il perseguimento di un legittimo interesse di TESOL Italy o di terzi, a condizione che non prevalgano gli interessi o i diritti e le libert\u00e0 fondamentali dell\u2019interessato richiedente la protezione dei dati personali<\/li>\r\n<\/ol>\r\n<\/li>\r\n<li><strong>Modalit\u00e0 del trattamento dei dati<\/strong><br \/>Le operazioni di trattamento dei dati personali (raccolta, registrazione, organizzazione, conservazione, consultazione, elaborazione, modificazione, selezione, estrazione, raffronto, utilizzo, interconnessione, blocco, comunicazione, cancellazione e distruzione dei dati, \u2026) potranno essere svolte con mezzi analogici, ovvero con l\u2019ausilio di strumenti elettronici o comunque automatizzati. I dati personali saranno conservati ai sensi del D.Lsg. 196\/2003 e successive modifiche.<\/li>\r\n<li><strong>Conferimento dei dati<\/strong><br \/>Il conferimento dei dati personali \u00e8 facoltativo, ma al contempo \u00e8 strettamente necessario ai fini dello svolgimento delle attivit\u00e0 di cui al punto 3.<\/li>\r\n<li><strong>Rifiuto di conferimento dei dati<\/strong><br \/>L\u2019eventuale rifiuto da parte dell\u2019interessato di conferire dati personali nel caso di cui al punto 6 comporta l\u2019impossibilit\u00e0 di svolgimento delle attivit\u00e0 indicate al punto 3.<\/li>\r\n<li><strong>Comunicazione dei dati<\/strong><br \/>I dati personali, per le esclusive finalit\u00e0 di cui al punto 3, potranno essere comunicati a:\r\n<p>&nbsp;<\/p>\r\n<ol>\r\n<li>dipendenti o collaboratori di TESOL Italy, autorizzati dall\u2019Associazione stessa al trattamento dei dati;<\/li>\r\n<li>alle societ\u00e0\/studi professionali esterni che prestano attivit\u00e0 di assistenza e consulenza del lavoro o ai collaboratori del titolare del trattamento, in materia contabile, amministrativa, fiscale, tributaria e finanziari;<\/li>\r\n<li>a pubbliche amministrazioni per lo svolgimento delle funzioni istituzionali (agenzia delle entrate, INPS, MIUR) nei limiti stabiliti dalla legge o dai regolamenti;<\/li>\r\n<li>nelle sedi legali per difendere i legittimi interessi dell\u2019Associazione. L\u2019elenco dei soggetti eventualmente destinatari della comunicazione \u00e8 custodito presso la sede del Titolare del trattamento e accessibile su richiesta dell\u2019interessato.<\/li>\r\n<\/ol>\r\n<\/li>\r\n<li><strong>Diffusione dei dati<\/strong><br \/>I dati personali non saranno ceduti a terzi per fini commerciali, pubblicitari ecc., salvo le ipotesi previste al punto 4.<\/li>\r\n<li><strong>Periodo di conservazione dei dati<\/strong><br \/>I dati personali saranno conservati per il periodo necessario a realizzare le finalit\u00e0 di cui al punto 3 e, in ogni caso, per un periodo non superiore ad anni 10 (dieci) dall\u2019esaurimento di tali finalit\u00e0.<\/li>\r\n<li><strong>Diritti dell\u2019interessato<\/strong><br \/>La normativa sulla privacy (artt. 7-10 del Codice privacy e artt. 12-22 del Regolamento UE 679\/2016) garantisce agli interessati il diritto di essere informati sui trattamenti dei dati che li riguardano e il diritto di accedere in ogni momento ai dati stessi e di richiederne l\u2019aggiornamento, l\u2019integrazione e la rettifica. Ove ricorrano le condizioni previste dalla normativa, l\u2019interessato pu\u00f2 inoltre vantare il diritto alla cancellazione dei dati, alla limitazione del loro trattamento, alla portabilit\u00e0 dei dati, all\u2019opposizione al trattamento, a non essere sottoposto a decisioni basate unicamente sul trattamento automatizzato. Qualora il trattamento dei dati personali sia fondato sul consenso dell\u2019interessato, questi ha diritto a revocare il consenso prestato. Per l\u2019esercizio dei Suoi diritti, nonch\u00e9 per informazioni pi\u00f9 dettagliate circa i soggetti o le categorie di soggetti ai quali sono comunicati i dati o che ne vengono a conoscenza in qualit\u00e0 di responsabili o incaricati, l\u2019interessato potr\u00e0 contattare TESOL Italy ai seguenti recapiti: tel. 06 46742432 e indirizzo e-mail tesolitaly@gmail.com. Qualora, dunque, l\u2019interessato volesse essere cancellato dal nostro database, e non volesse pi\u00f9 ricevere le nostre pubblicazioni ed informative relative alle nostre attivit\u00e0, potr\u00e0 inviare una richiesta di cancellazione al seguente indirizzo: tesolitaly@gmail.com. Ove l\u2019interessato ritenga lesi i Suoi diritti, potr\u00e0 tutelarsi proponendo reclamo innanzi al Garante per la protezione dei dati personali<\/li>\r\n<\/ol>\r\n<\/li>\r\n<\/ol>\r\n<p>&nbsp;<\/p>\r\n<h2><strong>Consent to use of recorded images and audio<\/strong><\/h2>\r\n<p>By registering, attending or participating in the convention and other activities sponsored by TESOL Italy, you agree to allow TESOL Italy to record, reproduce and distribute your image or voice in photograghs,videotapes, audiotapes.<\/p>\r\n<p>This material will not be given or forwarded to third parties, but it will be used only\/exclusively by TESOL Italy to document and promote its activities and events. It may be used in TESOL Italy publications, promotional flyers, and\/or on its website.<\/p>\r\n<p>Participating in\u00a0 the convention, you are implicitly consenting to the use of the above mentioned material, of which TESOL Italy is the sole owner, for its institutional purposes, in respect of EU Regulation n. 679\/2016 (D.d.L. 196\/2003).<\/p>\r\n<\/div>\r\n","protected":false},"excerpt":{"rendered":"<p>Informativa per il trattamento dei dati personali ai sensi del regolamento UE n. 679\/2016. Ai sensi e per gli effetti del D.lgs. 196\/2003, recante il Codice in materia di protezione dei dati personali e del D.lgs. n. 101\/2018, in relazione ai dati personali, di cui l\u2019Associazione TESOL Italy entrer\u00e0 in possesso, TESOL Italy informa di<\/p>\n<div><a class=\"btn-filled btn\" href=\"https:\/\/tesolitaly.org\/convention2020\/privacy-policy\/\" title=\"Privacy Policy\">Continua a leggere<\/a><\/div>\n","protected":false},"author":1,"featured_media":0,"parent":0,"menu_order":0,"comment_status":"closed","ping_status":"open","template":"","meta":[],"yoast_head":"<!-- This site is optimized with the Yoast SEO plugin v15.1.1 - https:\/\/yoast.com\/wordpress\/plugins\/seo\/ -->\n<title>Privacy Policy - Tesol Italy Convention 2020<\/title>\n<meta name=\"robots\" content=\"index, follow, max-snippet:-1, max-image-preview:large, max-video-preview:-1\" \/>\n<link rel=\"canonical\" href=\"https:\/\/tesolitaly.org\/convention2020\/privacy-policy\/\" \/>\n<meta property=\"og:locale\" content=\"it_IT\" \/>\n<meta property=\"og:type\" content=\"article\" \/>\n<meta property=\"og:title\" content=\"Privacy Policy - Tesol Italy Convention 2020\" \/>\n<meta property=\"og:description\" content=\"Informativa per il trattamento dei dati personali ai sensi del regolamento UE n. 679\/2016. Ai sensi e per gli effetti del D.lgs. 196\/2003, recante il Codice in materia di protezione dei dati personali e del D.lgs. n. 101\/2018, in relazione ai dati personali, di cui l\u2019Associazione TESOL Italy entrer\u00e0 in possesso, TESOL Italy informa diContinua a leggere\" \/>\n<meta property=\"og:url\" content=\"https:\/\/tesolitaly.org\/convention2020\/privacy-policy\/\" \/>\n<meta property=\"og:site_name\" content=\"Tesol Italy Convention 2020\" \/>\n<meta property=\"article:modified_time\" content=\"2020-11-12T08:34:11+00:00\" \/>\n<meta name=\"twitter:card\" content=\"summary_large_image\" \/>\n<script type=\"application\/ld+json\" class=\"yoast-schema-graph\">{\"@context\":\"https:\/\/schema.org\",\"@graph\":[{\"@type\":\"WebSite\",\"@id\":\"https:\/\/tesolitaly.org\/convention2020\/#website\",\"url\":\"https:\/\/tesolitaly.org\/convention2020\/\",\"name\":\"Tesol Italy Convention 2020\",\"description\":\"Un nuovo sito targato WordPress\",\"potentialAction\":[{\"@type\":\"SearchAction\",\"target\":\"https:\/\/tesolitaly.org\/convention2020\/?s={search_term_string}\",\"query-input\":\"required name=search_term_string\"}],\"inLanguage\":\"it-IT\"},{\"@type\":\"WebPage\",\"@id\":\"https:\/\/tesolitaly.org\/convention2020\/privacy-policy\/#webpage\",\"url\":\"https:\/\/tesolitaly.org\/convention2020\/privacy-policy\/\",\"name\":\"Privacy Policy - Tesol Italy Convention 2020\",\"isPartOf\":{\"@id\":\"https:\/\/tesolitaly.org\/convention2020\/#website\"},\"datePublished\":\"2020-10-13T17:44:13+00:00\",\"dateModified\":\"2020-11-12T08:34:11+00:00\",\"inLanguage\":\"it-IT\",\"potentialAction\":[{\"@type\":\"ReadAction\",\"target\":[\"https:\/\/tesolitaly.org\/convention2020\/privacy-policy\/\"]}]}]}<\/script>\n<!-- \/ Yoast SEO plugin. -->","_links":{"self":[{"href":"https:\/\/tesolitaly.org\/convention2020\/wp-json\/wp\/v2\/pages\/3"}],"collection":[{"href":"https:\/\/tesolitaly.org\/convention2020\/wp-json\/wp\/v2\/pages"}],"about":[{"href":"https:\/\/tesolitaly.org\/convention2020\/wp-json\/wp\/v2\/types\/page"}],"author":[{"embeddable":true,"href":"https:\/\/tesolitaly.org\/convention2020\/wp-json\/wp\/v2\/users\/1"}],"replies":[{"embeddable":true,"href":"https:\/\/tesolitaly.org\/convention2020\/wp-json\/wp\/v2\/comments?post=3"}],"version-history":[{"count":4,"href":"https:\/\/tesolitaly.org\/convention2020\/wp-json\/wp\/v2\/pages\/3\/revisions"}],"predecessor-version":[{"id":612,"href":"https:\/\/tesolitaly.org\/convention2020\/wp-json\/wp\/v2\/pages\/3\/revisions\/612"}],"wp:attachment":[{"href":"https:\/\/tesolitaly.org\/convention2020\/wp-json\/wp\/v2\/media?parent=3"}],"curies":[{"name":"wp","href":"https:\/\/api.w.org\/{rel}","templated":true}]}}